{"id":406,"date":"2022-09-05T09:50:35","date_gmt":"2022-09-05T09:50:35","guid":{"rendered":"https:\/\/www.elnoubaretu.com\/el-nou-baretu-restaurant-palamos-3\/"},"modified":"2023-08-01T09:59:25","modified_gmt":"2023-08-01T09:59:25","slug":"el-nou-baretu-restaurant-palamos-3","status":"publish","type":"page","link":"https:\/\/www.elnoubaretu.com\/en\/","title":{"rendered":"El Nou Baretu Restaurant Palam\u00f3s"},"content":{"rendered":"<section class=\"wpb-content-wrapper\"><p>[vc_row equal_height=&#8221;yes&#8221; content_placement=&#8221;middle&#8221; bg_type=&#8221;image&#8221; parallax_style=&#8221;vcpb-default&#8221; bg_image_new=&#8221;id^12|url^https:\/\/www.elnoubaretu.com\/wp-content\/uploads\/2022\/09\/el-noubaretu-restaurante-palamos-background.jpg|caption^null|alt^null|title^el-noubaretu-restaurante-palamos-background|description^null&#8221; bg_override=&#8221;ex-full&#8221; fadeout_row=&#8221;fadeout_row_value&#8221; fadeout_start_effect=&#8221;30&#8243; enable_overlay=&#8221;enable_overlay_value&#8221; overlay_color=&#8221;rgba(0,0,0,0.79)&#8221; el_id=&#8221;ELNOUBARETU&#8221; css=&#8221;.vc_custom_1663773556766{margin-bottom: 0px !important;padding-top: 25px !important;padding-bottom: 45px !important;}&#8221;][vc_column]<div id=\"ultimate-heading-440669fb352071bfb\" class=\"uvc-heading ult-adjust-bottom-margin ultimate-heading-440669fb352071bfb uvc-1401  uvc-heading-default-font-sizes\" data-hspacer=\"line_with_icon\" data-hline_width=\"auto\" data-hicon_type=\"selector\" data-hborder_style=\"dotted\" data-hborder_height=\"1\" data-hborder_color=\"#906545\" data-icon_width=\"32\" data-hfixer=\"10\"  data-halign=\"center\" style=\"text-align:center\"><div class=\"uvc-heading-spacer line_with_icon\" style=\"topheight:32px;\"><div class=\"ult-just-icon-wrapper  \"><div class=\"align-icon\" style=\"text-align:center;\">\n<div class=\"aio-icon none \"  style=\"color:#906545;font-size:32px;display:inline-block;\">\n\t<i class=\"fas fa-crown\"><\/i>\n<\/div><\/div><\/div><\/div><div class=\"uvc-main-heading ult-responsive\"  data-ultimate-target='.uvc-heading.ultimate-heading-440669fb352071bfb h2'  data-responsive-json-new='{\"font-size\":\"\",\"line-height\":\"\"}' ><h2 style=\"--font-weight:theme;color:#ffffff;\">EL NOU BARETU<\/h2><\/div><div class=\"uvc-sub-heading ult-responsive\"  data-ultimate-target='.uvc-heading.ultimate-heading-440669fb352071bfb .uvc-sub-heading '  data-responsive-json-new='{\"font-size\":\"\",\"line-height\":\"\"}'  style=\"font-weight:normal;color:#906545;\">Mediterranean, local and seasonal gastronomy in Palam\u00f3s.<\/div><\/div>[vc_column_text]<\/p>\n<p style=\"text-align: center;\">We are a family passionate about good food and local produce. Since we took control of the Baretu, we have committed to offering the perfect fusion of Argentinian barbecue with the best products from the Port of Palam\u00f3s right in front of us.<\/p>\n<p>[\/vc_column_text][vc_single_image image=&#8221;97&#8243; img_size=&#8221;full&#8221; alignment=&#8221;center&#8221; css=&#8221;.vc_custom_1663600499612{margin-top: 25px !important;margin-bottom: 25px !important;border-top-width: 1px !important;border-right-width: 1px !important;border-bottom-width: 1px !important;border-left-width: 1px !important;border-left-color: #906545 !important;border-left-style: solid !important;border-right-color: #906545 !important;border-right-style: solid !important;border-top-color: #906545 !important;border-top-style: solid !important;border-bottom-color: #906545 !important;border-bottom-style: solid !important;}&#8221;]<div id=\"ultimate-heading-575169fb352071ceb\" class=\"uvc-heading ult-adjust-bottom-margin ultimate-heading-575169fb352071ceb uvc-3116  uvc-heading-default-font-sizes\" data-hspacer=\"line_with_icon\" data-hline_width=\"auto\" data-hicon_type=\"selector\" data-hborder_style=\"dotted\" data-hborder_height=\"1\" data-hborder_color=\"#906545\" data-icon_width=\"32\" data-hfixer=\"10\"  data-halign=\"center\" style=\"text-align:center\"><div class=\"uvc-heading-spacer line_with_icon\" style=\"topheight:32px;\"><div class=\"ult-just-icon-wrapper  \"><div class=\"align-icon\" style=\"text-align:center;\">\n<div class=\"aio-icon none \"  style=\"color:#906545;font-size:32px;display:inline-block;\">\n\t<i class=\"icomoon-the7-font-the7-clock-01\"><\/i>\n<\/div><\/div><\/div><\/div><div class=\"uvc-main-heading ult-responsive\"  data-ultimate-target='.uvc-heading.ultimate-heading-575169fb352071ceb h2'  data-responsive-json-new='{\"font-size\":\"\",\"line-height\":\"\"}' ><h2 style=\"--font-weight:theme;color:#ffffff;\">TIMETABLE<\/h2><\/div><div class=\"uvc-sub-heading ult-responsive\"  data-ultimate-target='.uvc-heading.ultimate-heading-575169fb352071ceb .uvc-sub-heading '  data-responsive-json-new='{\"font-size\":\"\",\"line-height\":\"\"}'  style=\"font-weight:normal;color:#906545;\">OPEN from Tuesday to Sunday from\u00a011h a 15:30h \/ 19:30h a 23:00h<br \/>\nCLOSED Monday<\/div><\/div>[\/vc_column][\/vc_row][vc_row full_width=&#8221;stretch_row&#8221; equal_height=&#8221;yes&#8221; bg_type=&#8221;image&#8221; parallax_style=&#8221;vcpb-default&#8221; bg_image_new=&#8221;id^532|url^https:\/\/www.elnoubaretu.com\/wp-content\/uploads\/2023\/01\/elnoubaretu-restaurant-palamos-postres.jpg|caption^null|alt^null|title^elnoubaretu-restaurant-palamos-postres|description^null&#8221; bg_image_repeat=&#8221;no-repeat&#8221; bg_override=&#8221;ex-full&#8221; enable_overlay=&#8221;enable_overlay_value&#8221; overlay_color=&#8221;rgba(0,0,0,0.81)&#8221; el_id=&#8221;CARTA&#8221; css=&#8221;.vc_custom_1675182633214{margin-bottom: 0px !important;padding-bottom: 55px !important;}&#8221;][vc_column]<div id=\"ultimate-heading-311169fb352071da6\" class=\"uvc-heading ult-adjust-bottom-margin ultimate-heading-311169fb352071da6 uvc-8588  uvc-heading-default-font-sizes\" data-hspacer=\"line_with_icon\" data-hline_width=\"auto\" data-hicon_type=\"selector\" data-hborder_style=\"dotted\" data-hborder_height=\"1\" data-hborder_color=\"#906545\" data-icon_width=\"32\" data-hfixer=\"10\"  data-halign=\"center\" style=\"text-align:center\"><div class=\"uvc-heading-spacer line_with_icon\" style=\"topheight:32px;\"><div class=\"ult-just-icon-wrapper  \"><div class=\"align-icon\" style=\"text-align:center;\">\n<div class=\"aio-icon none \"  style=\"color:#906545;font-size:32px;display:inline-block;\">\n\t<i class=\"Defaults-file-text\"><\/i>\n<\/div><\/div><\/div><\/div><div class=\"uvc-main-heading ult-responsive\"  data-ultimate-target='.uvc-heading.ultimate-heading-311169fb352071da6 h2'  data-responsive-json-new='{\"font-size\":\"\",\"line-height\":\"\"}' ><h2 style=\"--font-weight:theme;color:#ffffff;\">ESPECIAL NOON IN THE MONTH OF AUGUST<\/h2><\/div><\/div>[vc_row_inner][vc_column_inner width=&#8221;1\/4&#8243;][\/vc_column_inner][vc_column_inner width=&#8221;1\/2&#8243;][vc_column_text]<\/p>\n<p style=\"text-align: center;\">We have created an artisanal menu, suitable for all palates. We know that your gastronomic experience at El Nou Baretu will be wonderful, so we invite you to try it.<\/p>\n<p>[\/vc_column_text][\/vc_column_inner][vc_column_inner width=&#8221;1\/4&#8243;][\/vc_column_inner][\/vc_row_inner][vc_row_inner css=&#8221;.vc_custom_1663598354393{margin-top: 35px !important;}&#8221;][vc_column_inner width=&#8221;1\/4&#8243; css=&#8221;.vc_custom_1663598793289{margin-bottom: 55px !important;}&#8221;][vc_column_text css=&#8221;.vc_custom_1666194773909{margin-bottom: 0px !important;padding-bottom: 12px !important;}&#8221;]<\/p>\n<h4 style=\"text-align: center; color: #ffffff;\"><strong>Dishes to share<\/strong><\/h4>\n<p>[\/vc_column_text]<div class=\"image-arrow bullet-top\"><ul>\n<li style=\"text-align: center;\">Coca bread \u20ac3.00<br \/>\nBravas \u2018Baretu\u2019 \u20ac7.50<br \/>\nCroquettes \u20ac1.70 each<br \/>\nRussian salad 6.25\u20ac<br \/>\nGoat salad \u20ac10.85<br \/>\nCantabrian anchovies 4u 8.25\u20ac<br \/>\nCheese board \u20ac14.85<br \/>\nPrawn carpaccio \u20ac19.90<br \/>\nAndalusian Squid 15.50\u20ac<br \/>\nFried coastal fish \u20ac9<br \/>\nSaut\u00e9ed noodles 17.35\u20ac<br \/>\nGalician cockles \u20ac15.50<br \/>\nBouchot mussels 9\u20ac<br \/>\nSaut\u00e9ed white prawn \u20ac14.75<br \/>\nArgentine Empanada 3.25\u20ac\/u<br \/>\nCreole sausage 8.95\u20ac<br \/>\nBaretu tripe 11.75\u20ac<\/li>\n<\/ul>\n<\/div>[\/vc_column_inner][vc_column_inner width=&#8221;1\/4&#8243; css=&#8221;.vc_custom_1663598797264{margin-bottom: 55px !important;}&#8221;][vc_column_text css=&#8221;.vc_custom_1664810620249{margin-bottom: 0px !important;padding-bottom: 12px !important;}&#8221;]<\/p>\n<h4 style=\"text-align: center; color: #ffffff;\"><strong>Grilled meats<\/strong><\/h4>\n<p>[\/vc_column_text]<div class=\"image-arrow bullet-top\"><ul>\n<li style=\"text-align: center;\">Duck breast \u20ac18.35<br \/>\nArgentine vacuum 14.50\u20ac<br \/>\nNational steak \u20ac24.95<br \/>\nIberian feather \u20ac19.85<br \/>\nT-bone steak 1kg \u20ac60<br \/>\nTender veal \u20ac13.75<br \/>\nGrilled octopus \u20ac19.50<\/li>\n<\/ul>\n<\/div>[\/vc_column_inner][vc_column_inner width=&#8221;1\/4&#8243; css=&#8221;.vc_custom_1663598802408{margin-bottom: 55px !important;}&#8221;][vc_column_text css=&#8221;.vc_custom_1690883794495{margin-bottom: 0px !important;padding-bottom: 12px !important;}&#8221;]<\/p>\n<h4 style=\"text-align: center; color: #ffffff;\">Our rice<\/h4>\n<p>[\/vc_column_text]<div class=\"image-arrow bullet-top\"><ul>\n<li style=\"text-align: center;\">Sea and Mountain Rice \u20ac18 person<br \/>\nPalam\u00f3s Prawn Rice 24\u20ac person<br \/>\n&#8220;Minimun 2 persons&#8221;<\/li>\n<\/ul>\n<\/div>[\/vc_column_inner][vc_column_inner width=&#8221;1\/4&#8243;][vc_column_text css=&#8221;.vc_custom_1666194919101{margin-bottom: 0px !important;padding-bottom: 12px !important;}&#8221;]<\/p>\n<h4 style=\"text-align: center; color: #ffffff;\"><strong>&#8216;Baretu&#8217; dessert<\/strong><\/h4>\n<p>[\/vc_column_text]<div class=\"image-arrow bullet-top\"><ul>\n<li style=\"text-align: center;\">Cheesecake \u20ac6.75<br \/>\n&#8216;Baretu&#8217; truffles 5.50\u20ac<br \/>\nCoulant \u20ac6.50<br \/>\nCatalan cream with cinnamon ice cream \u20ac6<br \/>\nCreamy Mango with goat cheese ice cream and figs 6.75\u20ac<\/li>\n<\/ul>\n<\/div>[\/vc_column_inner][\/vc_row_inner][vc_row_inner css=&#8221;.vc_custom_1663604096418{margin-bottom: 55px !important;}&#8221;][vc_column_inner width=&#8221;1\/4&#8243;][\/vc_column_inner][vc_column_inner width=&#8221;1\/2&#8243;][\/vc_column_inner][vc_column_inner width=&#8221;1\/4&#8243;][\/vc_column_inner][\/vc_row_inner][\/vc_column][\/vc_row][vc_row full_width=&#8221;stretch_row&#8221; content_placement=&#8221;middle&#8221; bg_type=&#8221;image&#8221; parallax_style=&#8221;vcpb-default&#8221; bg_image_new=&#8221;id^157|url^https:\/\/www.elnoubaretu.com\/wp-content\/uploads\/2022\/09\/el-noubaretu-restaurante-palamos-gastrobar-wine-cava.jpg|caption^null|alt^null|title^el-noubaretu-restaurante-palamos-gastrobar-wine-cava|description^null&#8221; bg_image_repeat=&#8221;no-repeat&#8221; bg_img_attach=&#8221;fixed&#8221; bg_override=&#8221;full&#8221; enable_overlay=&#8221;enable_overlay_value&#8221; overlay_color=&#8221;rgba(0,0,0,0.72)&#8221; css=&#8221;.vc_custom_1663772437198{margin-top: 0px !important;margin-bottom: 0px !important;padding-top: 75px !important;padding-bottom: 75px !important;}&#8221;][vc_column][vc_row_inner][vc_column_inner][vc_column_text css=&#8221;.vc_custom_1666365934214{margin-bottom: 0px !important;padding-bottom: 12px !important;}&#8221;]<\/p>\n<h4 style=\"text-align: center; color: #ffffff;\"><strong><br \/>\nRecommended wines<\/strong><\/h4>\n<p>[\/vc_column_text][\/vc_column_inner][\/vc_row_inner][vc_row_inner][vc_column_inner width=&#8221;1\/3&#8243;]<div class=\"image-arrow bullet-top\"><ul>\n<li style=\"text-align: center;\"><strong>Menade<\/strong> D.O Rueda<em> Verdejo<\/em> 19.25\u20ac (eco)<\/li>\n<li style=\"text-align: center;\"><strong>Autoct\u00f2n<\/strong>\u00a0D.O Empord\u00e0 <em>Garnachay Macabeo<\/em>\u00a017.90\u20ac<\/li>\n<li style=\"text-align: center;\"><strong>Luna Creciente<\/strong> D.O Rias Baixas <em>Albari\u00f1o<\/em> 18.75\u20ac<\/li>\n<li style=\"text-align: center;\"><strong>Ultreia\u00a0Modelo<\/strong>\u00a0D.O Bierzo\u00a0<em>Godello\u00a0<\/em>25.40\u20ac<\/li>\n<li style=\"text-align: center;\"><strong>Missatger<\/strong> D.O Empord\u00e0 <em>Carinyena blanca y Macabeo<\/em>\u00a018.40\u20ac (eco)<\/li>\n<li style=\"text-align: center;\"><b>Dido Negre\u00a0<\/b>D.O Montsant <em>Cabernet Sauvignon y Garnacha\u00a0<\/em>25.30\u20ac (eco)<\/li>\n<li style=\"text-align: center;\"><\/li>\n<\/ul>\n<\/div>[\/vc_column_inner][vc_column_inner width=&#8221;1\/3&#8243;]<div class=\"image-arrow bullet-top\"><ul>\n<li style=\"text-align: center;\"><strong>Camino<\/strong> D.O. Empord\u00e0\u00a0<em>Garnacha negra<\/em> 24.90\u20ac\u00a0(eco)<\/li>\n<li style=\"text-align: center;\"><b>Via Edetana\u00a0<\/b>D.O Terra Alta\u00a0<em>garnacha y Sirah\u00a0<\/em>21.80\u20ac<\/li>\n<li style=\"text-align: center;\"><strong>Alma de\u00a0<\/strong><b>Acos<\/b>\u00a0D.O Ribera del Duero\u00a0<em>Tempranillo<\/em> 23.10\u20ac<\/li>\n<li style=\"text-align: center;\"><strong>Cerro A\u00f1on <\/strong>\u00a0D.O Rioja Reserva\u00a0<em>Tempranillo<\/em> 22.90\u20ac<\/li>\n<li style=\"text-align: center;\"><strong>Can Sumoi La Rosa<\/strong> D.O Pened\u00e9s<em> Sumoll, Perellada i Xarel\u00b7lo<\/em> 19.75\u20ac<\/li>\n<li style=\"text-align: center;\"><strong>La Finca<\/strong> D.O Conca del Riu Anoia<em> Xarel\u00b7lo, Perellada i Sumoll<\/em> 29.50\u20ac<\/li>\n<li style=\"text-align: center;\"><\/li>\n<\/ul>\n<\/div>[\/vc_column_inner][vc_column_inner width=&#8221;1\/3&#8243;][\/vc_column_inner][\/vc_row_inner][\/vc_column][\/vc_row][vc_row bg_type=&#8221;bg_color&#8221; bg_override=&#8221;full&#8221; el_id=&#8221;GALERIA&#8221; css=&#8221;.vc_custom_1666365693219{margin-bottom: 0px !important;padding-top: 15px !important;padding-bottom: 55px !important;}&#8221; bg_color_value=&#8221;#161719&#8243;][vc_column]<div id=\"ultimate-heading-463769fb3520720f9\" class=\"uvc-heading ult-adjust-bottom-margin ultimate-heading-463769fb3520720f9 uvc-1039  uvc-heading-default-font-sizes\" data-hspacer=\"line_with_icon\" data-hline_width=\"auto\" data-hicon_type=\"selector\" data-hborder_style=\"dotted\" data-hborder_height=\"1\" data-hborder_color=\"#906545\" data-icon_width=\"32\" data-hfixer=\"10\"  data-halign=\"center\" style=\"text-align:center\"><div class=\"uvc-heading-spacer line_with_icon\" style=\"topheight:32px;\"><div class=\"ult-just-icon-wrapper  \"><div class=\"align-icon\" style=\"text-align:center;\">\n<div class=\"aio-icon none \"  style=\"color:#906545;font-size:32px;display:inline-block;\">\n\t<i class=\"icomoon-the7-font-instagram\"><\/i>\n<\/div><\/div><\/div><\/div><div class=\"uvc-main-heading ult-responsive\"  data-ultimate-target='.uvc-heading.ultimate-heading-463769fb3520720f9 h2'  data-responsive-json-new='{\"font-size\":\"\",\"line-height\":\"\"}' ><h2 style=\"--font-weight:theme;color:#ffffff;\">INSTAGRAM<\/h2><\/div><div class=\"uvc-sub-heading ult-responsive\"  data-ultimate-target='.uvc-heading.ultimate-heading-463769fb3520720f9 .uvc-sub-heading '  data-responsive-json-new='{\"font-size\":\"\",\"line-height\":\"\"}'  style=\"font-weight:normal;color:#906545;\">follow us on Instagram<\/div><\/div>[vc_raw_html]JTVCaW5zdGFncmFtLWZlZWQlMjBmZWVkJTNEMSU1RA==[\/vc_raw_html][\/vc_column][\/vc_row][vc_row full_width=&#8221;stretch_row&#8221; equal_height=&#8221;yes&#8221; bg_type=&#8221;image&#8221; parallax_style=&#8221;vcpb-default&#8221; bg_image_new=&#8221;id^150|url^https:\/\/www.elnoubaretu.com\/wp-content\/uploads\/2022\/09\/el-noubaretu-restaurante-palamos-gastrobar-panoramica.jpg|caption^null|alt^null|title^el-noubaretu-restaurante-palamos-gastrobar-panoramica|description^null&#8221; bg_image_repeat=&#8221;no-repeat&#8221; enable_overlay=&#8221;enable_overlay_value&#8221; overlay_color=&#8221;rgba(0,0,0,0.86)&#8221; el_id=&#8221;RESERVAS&#8221; css=&#8221;.vc_custom_1666365702250{margin-bottom: 0px !important;padding-top: 95px !important;padding-bottom: 75px !important;}&#8221;][vc_column]<div id=\"ultimate-heading-188669fb3520721b0\" class=\"uvc-heading ult-adjust-bottom-margin ultimate-heading-188669fb3520721b0 uvc-7170  uvc-heading-default-font-sizes\" data-hspacer=\"line_with_icon\" data-hline_width=\"auto\" data-hicon_type=\"selector\" data-hborder_style=\"dotted\" data-hborder_height=\"1\" data-hborder_color=\"#906545\" data-icon_width=\"32\" data-hfixer=\"10\"  data-halign=\"center\" style=\"text-align:center\"><div class=\"uvc-heading-spacer line_with_icon\" style=\"topheight:32px;\"><div class=\"ult-just-icon-wrapper  \"><div class=\"align-icon\" style=\"text-align:center;\">\n<div class=\"aio-icon none \"  style=\"color:#906545;font-size:32px;display:inline-block;\">\n\t<i class=\"fab fa-wpforms\"><\/i>\n<\/div><\/div><\/div><\/div><div class=\"uvc-main-heading ult-responsive\"  data-ultimate-target='.uvc-heading.ultimate-heading-188669fb3520721b0 h2'  data-responsive-json-new='{\"font-size\":\"\",\"line-height\":\"\"}' ><h2 style=\"--font-weight:theme;color:#ffffff;\">RESERVATIONS<\/h2><\/div><div class=\"uvc-sub-heading ult-responsive\"  data-ultimate-target='.uvc-heading.ultimate-heading-188669fb3520721b0 .uvc-sub-heading '  data-responsive-json-new='{\"font-size\":\"\",\"line-height\":\"\"}'  style=\"font-weight:normal;color:#906545;margin-bottom:20px;\">Make your booking at:<\/div><\/div>[vc_row_inner][vc_column_inner width=&#8221;1\/3&#8243;][\/vc_column_inner][vc_column_inner width=&#8221;1\/3&#8243;][vc_raw_html]PGRpdiBzdHlsZT0idGV4dC1hbGlnbjpjZW50ZXIgIWltcG9ydGFudDsiPgo8aDMgc3R5bGU9ImNvbG9yOiM5MDY1NDU7Ij4KCTxpIGNsYXNzPSJmYXMgZmEtcGhvbmUtdm9sdW1lIj48L2k+ICA4NzIgMjAwIDIzNTxicj4KPGkgY2xhc3M9ImZhcyBmYS1waG9uZS12b2x1bWUiPjwvaT4gKyA8aSBjbGFzcz0iZmFiIGZhLXdoYXRzYXBwIj48L2k+IDYzNiAzNzAgNDgxIAo8L2gzPjwvZGl2Pg==[\/vc_raw_html][\/vc_column_inner][vc_column_inner width=&#8221;1\/3&#8243;][\/vc_column_inner][\/vc_row_inner][\/vc_column][\/vc_row][vc_row full_width=&#8221;stretch_row_content_no_spaces&#8221; equal_height=&#8221;yes&#8221; css=&#8221;.vc_custom_1662387037166{margin-top: 0px !important;margin-right: 0px !important;margin-bottom: 0px !important;margin-left: 0px !important;padding-top: 0px !important;padding-right: 0px !important;padding-bottom: 0px !important;padding-left: 0px !important;}&#8221;][vc_column css=&#8221;.vc_custom_1662387002182{margin: 0px !important;padding: 0px !important;border: 0px initial !important;}&#8221;][vc_gmaps link=&#8221;#E-8_JTNDaWZyYW1lJTIwc3JjJTNEJTIyaHR0cHMlM0ElMkYlMkZ3d3cuZ29vZ2xlLmNvbSUyRm1hcHMlMkZlbWJlZCUzRnBiJTNEJTIxMW0xOCUyMTFtMTIlMjExbTMlMjExZDI5NzIuMjMyMTQ4MDc5MjE1NyUyMTJkMy4xMjU4MTM4MTU2NjI1NzYlMjEzZDQxLjg0NDgyOTc3NTQ3NDA3NSUyMTJtMyUyMTFmMCUyMTJmMCUyMTNmMCUyMTNtMiUyMTFpMTAyNCUyMTJpNzY4JTIxNGYxMy4xJTIxM20zJTIxMW0yJTIxMXMweDEyYmJhYWZhN2U0MzhmMWIlMjUzQTB4YjJiN2IxYzI5OTY5NTVhMCUyMTJzZWwlMjUyMG5vdSUyNTIwYmFyZXR1JTIxNWUwJTIxM20yJTIxMXNlcyUyMTJzZXMlMjE0djE2NjIzODY5NTA2NjQlMjE1bTIlMjExc2VzJTIxMnNlcyUyMiUyMHdpZHRoJTNEJTIyMTAwJTI1JTIyJTIwaGVpZ2h0JTNEJTIyNTUwJTIyJTIwc3R5bGUlM0QlMjJib3JkZXIlM0EwJTNCJTIyJTIwYWxsb3dmdWxsc2NyZWVuJTNEJTIyJTIyJTIwbG9hZGluZyUzRCUyMmxhenklMjIlMjByZWZlcnJlcnBvbGljeSUzRCUyMm5vLXJlZmVycmVyLXdoZW4tZG93bmdyYWRlJTIyJTNFJTNDJTJGaWZyYW1lJTNF&#8221; css=&#8221;.vc_custom_1662386995967{margin: 0px !important;padding: 0px !important;border: 0px initial !important;}&#8221;][\/vc_column][\/vc_row]<\/p>\n<\/section>","protected":false},"excerpt":{"rendered":"<p>[vc_row equal_height=&#8221;yes&#8221; content_placement=&#8221;middle&#8221; bg_type=&#8221;image&#8221; parallax_style=&#8221;vcpb-default&#8221; bg_image_new=&#8221;id^12|url^https:\/\/www.elnoubaretu.com\/wp-content\/uploads\/2022\/09\/el-noubaretu-restaurante-palamos-background.jpg|caption^null|alt^null|title^el-noubaretu-restaurante-palamos-background|description^null&#8221; bg_override=&#8221;ex-full&#8221; fadeout_row=&#8221;fadeout_row_value&#8221; fadeout_start_effect=&#8221;30&#8243; enable_overlay=&#8221;enable_overlay_value&#8221; overlay_color=&#8221;rgba(0,0,0,0.79)&#8221; el_id=&#8221;ELNOUBARETU&#8221; css=&#8221;.vc_custom_1663773556766{margin-bottom: 0px !important;padding-top: 25px !important;padding-bottom: 45px !important;}&#8221;][vc_column][vc_column_text] We are a family passionate about good food and local produce. Since we took control of the Baretu, we have committed to offering the perfect fusion of Argentinian barbecue with the best products from the Port&hellip;<\/p>\n","protected":false},"author":1,"featured_media":238,"parent":0,"menu_order":0,"comment_status":"closed","ping_status":"closed","template":"","meta":[],"yoast_head":"<!-- This site is optimized with the Yoast SEO plugin v21.0 - https:\/\/yoast.com\/wordpress\/plugins\/seo\/ -->\n<title>El Nou Baretu Restaurant Gastrobar Palam\u00f3s<\/title>\n<meta name=\"description\" content=\"Mediterranean, local and seasonal gastronomy. Perfect fusion of Argentinian barbecue with the best products from the Port of Palam\u00f3s.\" \/>\n<meta name=\"robots\" content=\"index, follow, max-snippet:-1, max-image-preview:large, max-video-preview:-1\" \/>\n<link rel=\"canonical\" href=\"https:\/\/www.elnoubaretu.com\/en\/\" \/>\n<meta property=\"og:locale\" content=\"en_US\" \/>\n<meta property=\"og:type\" content=\"article\" \/>\n<meta property=\"og:title\" content=\"El Nou Baretu Restaurant Gastrobar Palam\u00f3s\" \/>\n<meta property=\"og:description\" content=\"Mediterranean, local and seasonal gastronomy. Perfect fusion of Argentinian barbecue with the best products from the Port of Palam\u00f3s.\" \/>\n<meta property=\"og:url\" content=\"https:\/\/www.elnoubaretu.com\/en\/\" \/>\n<meta property=\"og:site_name\" content=\"El Nou Baretu Palam\u00f3s\" \/>\n<meta property=\"article:modified_time\" content=\"2023-08-01T09:59:25+00:00\" \/>\n<meta property=\"og:image\" content=\"https:\/\/www.elnoubaretu.com\/wp-content\/uploads\/2022\/09\/el-noubaretu-restaurante-palamos-background-11.jpg\" \/>\n\t<meta property=\"og:image:width\" content=\"1863\" \/>\n\t<meta property=\"og:image:height\" content=\"917\" \/>\n\t<meta property=\"og:image:type\" content=\"image\/jpeg\" \/>\n<meta name=\"twitter:card\" content=\"summary_large_image\" \/>\n<meta name=\"twitter:label1\" content=\"Est. reading time\" \/>\n\t<meta name=\"twitter:data1\" content=\"3 minutes\" \/>\n<script type=\"application\/ld+json\" class=\"yoast-schema-graph\">{\"@context\":\"https:\/\/schema.org\",\"@graph\":[{\"@type\":\"WebPage\",\"@id\":\"https:\/\/www.elnoubaretu.com\/en\/\",\"url\":\"https:\/\/www.elnoubaretu.com\/en\/\",\"name\":\"El Nou Baretu Restaurant Gastrobar Palam\u00f3s\",\"isPartOf\":{\"@id\":\"https:\/\/www.elnoubaretu.com\/en\/#website\"},\"datePublished\":\"2022-09-05T09:50:35+00:00\",\"dateModified\":\"2023-08-01T09:59:25+00:00\",\"description\":\"Mediterranean, local and seasonal gastronomy. Perfect fusion of Argentinian barbecue with the best products from the Port of Palam\u00f3s.\",\"breadcrumb\":{\"@id\":\"https:\/\/www.elnoubaretu.com\/en\/#breadcrumb\"},\"inLanguage\":\"en-US\",\"potentialAction\":[{\"@type\":\"ReadAction\",\"target\":[\"https:\/\/www.elnoubaretu.com\/en\/\"]}]},{\"@type\":\"BreadcrumbList\",\"@id\":\"https:\/\/www.elnoubaretu.com\/en\/#breadcrumb\",\"itemListElement\":[{\"@type\":\"ListItem\",\"position\":1,\"name\":\"Portada\",\"item\":\"https:\/\/www.elnoubaretu.com\/en\/\"},{\"@type\":\"ListItem\",\"position\":2,\"name\":\"El Nou Baretu Restaurant Palam\u00f3s\"}]},{\"@type\":\"WebSite\",\"@id\":\"https:\/\/www.elnoubaretu.com\/en\/#website\",\"url\":\"https:\/\/www.elnoubaretu.com\/en\/\",\"name\":\"El Nou Baretu Palam\u00f3s\",\"description\":\"Gastrobar amb producte local i de qualitat. Fusi\u00f3 Argentina-Palam\u00f3s\",\"potentialAction\":[{\"@type\":\"SearchAction\",\"target\":{\"@type\":\"EntryPoint\",\"urlTemplate\":\"https:\/\/www.elnoubaretu.com\/en\/?s={search_term_string}\"},\"query-input\":\"required name=search_term_string\"}],\"inLanguage\":\"en-US\"}]}<\/script>\n<!-- \/ Yoast SEO plugin. -->","yoast_head_json":{"title":"El Nou Baretu Restaurant Gastrobar Palam\u00f3s","description":"Mediterranean, local and seasonal gastronomy. Perfect fusion of Argentinian barbecue with the best products from the Port of Palam\u00f3s.","robots":{"index":"index","follow":"follow","max-snippet":"max-snippet:-1","max-image-preview":"max-image-preview:large","max-video-preview":"max-video-preview:-1"},"canonical":"https:\/\/www.elnoubaretu.com\/en\/","og_locale":"en_US","og_type":"article","og_title":"El Nou Baretu Restaurant Gastrobar Palam\u00f3s","og_description":"Mediterranean, local and seasonal gastronomy. Perfect fusion of Argentinian barbecue with the best products from the Port of Palam\u00f3s.","og_url":"https:\/\/www.elnoubaretu.com\/en\/","og_site_name":"El Nou Baretu Palam\u00f3s","article_modified_time":"2023-08-01T09:59:25+00:00","og_image":[{"width":1863,"height":917,"url":"https:\/\/www.elnoubaretu.com\/wp-content\/uploads\/2022\/09\/el-noubaretu-restaurante-palamos-background-11.jpg","type":"image\/jpeg"}],"twitter_card":"summary_large_image","twitter_misc":{"Est. reading time":"3 minutes"},"schema":{"@context":"https:\/\/schema.org","@graph":[{"@type":"WebPage","@id":"https:\/\/www.elnoubaretu.com\/en\/","url":"https:\/\/www.elnoubaretu.com\/en\/","name":"El Nou Baretu Restaurant Gastrobar Palam\u00f3s","isPartOf":{"@id":"https:\/\/www.elnoubaretu.com\/en\/#website"},"datePublished":"2022-09-05T09:50:35+00:00","dateModified":"2023-08-01T09:59:25+00:00","description":"Mediterranean, local and seasonal gastronomy. Perfect fusion of Argentinian barbecue with the best products from the Port of Palam\u00f3s.","breadcrumb":{"@id":"https:\/\/www.elnoubaretu.com\/en\/#breadcrumb"},"inLanguage":"en-US","potentialAction":[{"@type":"ReadAction","target":["https:\/\/www.elnoubaretu.com\/en\/"]}]},{"@type":"BreadcrumbList","@id":"https:\/\/www.elnoubaretu.com\/en\/#breadcrumb","itemListElement":[{"@type":"ListItem","position":1,"name":"Portada","item":"https:\/\/www.elnoubaretu.com\/en\/"},{"@type":"ListItem","position":2,"name":"El Nou Baretu Restaurant Palam\u00f3s"}]},{"@type":"WebSite","@id":"https:\/\/www.elnoubaretu.com\/en\/#website","url":"https:\/\/www.elnoubaretu.com\/en\/","name":"El Nou Baretu Palam\u00f3s","description":"Gastrobar amb producte local i de qualitat. Fusi\u00f3 Argentina-Palam\u00f3s","potentialAction":[{"@type":"SearchAction","target":{"@type":"EntryPoint","urlTemplate":"https:\/\/www.elnoubaretu.com\/en\/?s={search_term_string}"},"query-input":"required name=search_term_string"}],"inLanguage":"en-US"}]}},"_links":{"self":[{"href":"https:\/\/www.elnoubaretu.com\/en\/wp-json\/wp\/v2\/pages\/406"}],"collection":[{"href":"https:\/\/www.elnoubaretu.com\/en\/wp-json\/wp\/v2\/pages"}],"about":[{"href":"https:\/\/www.elnoubaretu.com\/en\/wp-json\/wp\/v2\/types\/page"}],"author":[{"embeddable":true,"href":"https:\/\/www.elnoubaretu.com\/en\/wp-json\/wp\/v2\/users\/1"}],"replies":[{"embeddable":true,"href":"https:\/\/www.elnoubaretu.com\/en\/wp-json\/wp\/v2\/comments?post=406"}],"version-history":[{"count":34,"href":"https:\/\/www.elnoubaretu.com\/en\/wp-json\/wp\/v2\/pages\/406\/revisions"}],"predecessor-version":[{"id":628,"href":"https:\/\/www.elnoubaretu.com\/en\/wp-json\/wp\/v2\/pages\/406\/revisions\/628"}],"wp:featuredmedia":[{"embeddable":true,"href":"https:\/\/www.elnoubaretu.com\/en\/wp-json\/wp\/v2\/media\/238"}],"wp:attachment":[{"href":"https:\/\/www.elnoubaretu.com\/en\/wp-json\/wp\/v2\/media?parent=406"}],"curies":[{"name":"wp","href":"https:\/\/api.w.org\/{rel}","templated":true}]}}